{"id":795,"date":"2025-06-12T16:42:20","date_gmt":"2025-06-12T14:42:20","guid":{"rendered":"https:\/\/www.galerieostrava.cz\/?post_type=product&#038;p=795"},"modified":"2025-06-12T16:43:51","modified_gmt":"2025-06-12T14:43:51","slug":"jiri-sindler","status":"publish","type":"product","link":"https:\/\/www.galerieostrava.cz\/?product=jiri-sindler","title":{"rendered":"Ji\u0159\u00ed \u0160indler"},"content":{"rendered":"","protected":false},"excerpt":{"rendered":"<p>olej, deska, 45&#215;50 cm<\/p>\n","protected":false},"featured_media":796,"template":"","meta":[],"product_cat":[23],"product_tag":[],"_links":{"self":[{"href":"https:\/\/www.galerieostrava.cz\/index.php?rest_route=\/wp\/v2\/product\/795"}],"collection":[{"href":"https:\/\/www.galerieostrava.cz\/index.php?rest_route=\/wp\/v2\/product"}],"about":[{"href":"https:\/\/www.galerieostrava.cz\/index.php?rest_route=\/wp\/v2\/types\/product"}],"wp:featuredmedia":[{"embeddable":true,"href":"https:\/\/www.galerieostrava.cz\/index.php?rest_route=\/wp\/v2\/media\/796"}],"wp:attachment":[{"href":"https:\/\/www.galerieostrava.cz\/index.php?rest_route=%2Fwp%2Fv2%2Fmedia&parent=795"}],"wp:term":[{"taxonomy":"product_cat","embeddable":true,"href":"https:\/\/www.galerieostrava.cz\/index.php?rest_route=%2Fwp%2Fv2%2Fproduct_cat&post=795"},{"taxonomy":"product_tag","embeddable":true,"href":"https:\/\/www.galerieostrava.cz\/index.php?rest_route=%2Fwp%2Fv2%2Fproduct_tag&post=795"}],"curies":[{"name":"wp","href":"https:\/\/api.w.org\/{rel}","templated":true}]}}