{"id":772,"date":"2025-06-12T16:23:11","date_gmt":"2025-06-12T14:23:11","guid":{"rendered":"https:\/\/www.galerieostrava.cz\/?post_type=product&#038;p=772"},"modified":"2025-06-12T16:24:53","modified_gmt":"2025-06-12T14:24:53","slug":"antonin-kroca-4","status":"publish","type":"product","link":"https:\/\/www.galerieostrava.cz\/?product=antonin-kroca-4","title":{"rendered":"Anton\u00edn Kro\u010da"},"content":{"rendered":"","protected":false},"excerpt":{"rendered":"<p>Olej, pl\u00e1tno, 147&#215;117 cm<\/p>\n","protected":false},"featured_media":773,"template":"","meta":[],"product_cat":[23],"product_tag":[],"_links":{"self":[{"href":"https:\/\/www.galerieostrava.cz\/index.php?rest_route=\/wp\/v2\/product\/772"}],"collection":[{"href":"https:\/\/www.galerieostrava.cz\/index.php?rest_route=\/wp\/v2\/product"}],"about":[{"href":"https:\/\/www.galerieostrava.cz\/index.php?rest_route=\/wp\/v2\/types\/product"}],"wp:featuredmedia":[{"embeddable":true,"href":"https:\/\/www.galerieostrava.cz\/index.php?rest_route=\/wp\/v2\/media\/773"}],"wp:attachment":[{"href":"https:\/\/www.galerieostrava.cz\/index.php?rest_route=%2Fwp%2Fv2%2Fmedia&parent=772"}],"wp:term":[{"taxonomy":"product_cat","embeddable":true,"href":"https:\/\/www.galerieostrava.cz\/index.php?rest_route=%2Fwp%2Fv2%2Fproduct_cat&post=772"},{"taxonomy":"product_tag","embeddable":true,"href":"https:\/\/www.galerieostrava.cz\/index.php?rest_route=%2Fwp%2Fv2%2Fproduct_tag&post=772"}],"curies":[{"name":"wp","href":"https:\/\/api.w.org\/{rel}","templated":true}]}}