{"id":699,"date":"2025-06-12T15:13:14","date_gmt":"2025-06-12T13:13:14","guid":{"rendered":"https:\/\/www.galerieostrava.cz\/?post_type=product&#038;p=699"},"modified":"2025-06-12T15:22:30","modified_gmt":"2025-06-12T13:22:30","slug":"eduard-svetlik","status":"publish","type":"product","link":"https:\/\/www.galerieostrava.cz\/?product=eduard-svetlik","title":{"rendered":"Eduard Sv\u011btl\u00edk"},"content":{"rendered":"","protected":false},"excerpt":{"rendered":"<p>olej, pl\u00e1tno, 63&#215;44 cm <\/p>\n","protected":false},"featured_media":706,"template":"","meta":[],"product_cat":[23],"product_tag":[],"_links":{"self":[{"href":"https:\/\/www.galerieostrava.cz\/index.php?rest_route=\/wp\/v2\/product\/699"}],"collection":[{"href":"https:\/\/www.galerieostrava.cz\/index.php?rest_route=\/wp\/v2\/product"}],"about":[{"href":"https:\/\/www.galerieostrava.cz\/index.php?rest_route=\/wp\/v2\/types\/product"}],"wp:featuredmedia":[{"embeddable":true,"href":"https:\/\/www.galerieostrava.cz\/index.php?rest_route=\/wp\/v2\/media\/706"}],"wp:attachment":[{"href":"https:\/\/www.galerieostrava.cz\/index.php?rest_route=%2Fwp%2Fv2%2Fmedia&parent=699"}],"wp:term":[{"taxonomy":"product_cat","embeddable":true,"href":"https:\/\/www.galerieostrava.cz\/index.php?rest_route=%2Fwp%2Fv2%2Fproduct_cat&post=699"},{"taxonomy":"product_tag","embeddable":true,"href":"https:\/\/www.galerieostrava.cz\/index.php?rest_route=%2Fwp%2Fv2%2Fproduct_tag&post=699"}],"curies":[{"name":"wp","href":"https:\/\/api.w.org\/{rel}","templated":true}]}}