{"id":646,"date":"2025-05-30T15:39:10","date_gmt":"2025-05-30T13:39:10","guid":{"rendered":"https:\/\/www.galerieostrava.cz\/?post_type=product&#038;p=646"},"modified":"2025-05-30T15:42:45","modified_gmt":"2025-05-30T13:42:45","slug":"radoslav-caslavsky","status":"publish","type":"product","link":"https:\/\/www.galerieostrava.cz\/?product=radoslav-caslavsky","title":{"rendered":"Radoslav \u010c\u00e1slavsk\u00fd"},"content":{"rendered":"","protected":false},"excerpt":{"rendered":"<p>olej, d\u0159evo, plastika, 130\/65 cm, Palachova st\u00e9la<\/p>\n","protected":false},"featured_media":647,"template":"","meta":[],"product_cat":[23],"product_tag":[],"_links":{"self":[{"href":"https:\/\/www.galerieostrava.cz\/index.php?rest_route=\/wp\/v2\/product\/646"}],"collection":[{"href":"https:\/\/www.galerieostrava.cz\/index.php?rest_route=\/wp\/v2\/product"}],"about":[{"href":"https:\/\/www.galerieostrava.cz\/index.php?rest_route=\/wp\/v2\/types\/product"}],"wp:featuredmedia":[{"embeddable":true,"href":"https:\/\/www.galerieostrava.cz\/index.php?rest_route=\/wp\/v2\/media\/647"}],"wp:attachment":[{"href":"https:\/\/www.galerieostrava.cz\/index.php?rest_route=%2Fwp%2Fv2%2Fmedia&parent=646"}],"wp:term":[{"taxonomy":"product_cat","embeddable":true,"href":"https:\/\/www.galerieostrava.cz\/index.php?rest_route=%2Fwp%2Fv2%2Fproduct_cat&post=646"},{"taxonomy":"product_tag","embeddable":true,"href":"https:\/\/www.galerieostrava.cz\/index.php?rest_route=%2Fwp%2Fv2%2Fproduct_tag&post=646"}],"curies":[{"name":"wp","href":"https:\/\/api.w.org\/{rel}","templated":true}]}}