{"id":609,"date":"2025-05-30T14:54:15","date_gmt":"2025-05-30T12:54:15","guid":{"rendered":"https:\/\/www.galerieostrava.cz\/?post_type=product&#038;p=609"},"modified":"2025-05-30T14:57:21","modified_gmt":"2025-05-30T12:57:21","slug":"jiri-holan-4","status":"publish","type":"product","link":"https:\/\/www.galerieostrava.cz\/?product=jiri-holan-4","title":{"rendered":"Ji\u0159\u00ed Holan"},"content":{"rendered":"","protected":false},"excerpt":{"rendered":"<p>olej, pl\u00e1tno, 114\/104 cm, \u010cerven\u00e9 m\u011bsto <\/p>\n","protected":false},"featured_media":610,"template":"","meta":[],"product_cat":[23],"product_tag":[],"_links":{"self":[{"href":"https:\/\/www.galerieostrava.cz\/index.php?rest_route=\/wp\/v2\/product\/609"}],"collection":[{"href":"https:\/\/www.galerieostrava.cz\/index.php?rest_route=\/wp\/v2\/product"}],"about":[{"href":"https:\/\/www.galerieostrava.cz\/index.php?rest_route=\/wp\/v2\/types\/product"}],"wp:featuredmedia":[{"embeddable":true,"href":"https:\/\/www.galerieostrava.cz\/index.php?rest_route=\/wp\/v2\/media\/610"}],"wp:attachment":[{"href":"https:\/\/www.galerieostrava.cz\/index.php?rest_route=%2Fwp%2Fv2%2Fmedia&parent=609"}],"wp:term":[{"taxonomy":"product_cat","embeddable":true,"href":"https:\/\/www.galerieostrava.cz\/index.php?rest_route=%2Fwp%2Fv2%2Fproduct_cat&post=609"},{"taxonomy":"product_tag","embeddable":true,"href":"https:\/\/www.galerieostrava.cz\/index.php?rest_route=%2Fwp%2Fv2%2Fproduct_tag&post=609"}],"curies":[{"name":"wp","href":"https:\/\/api.w.org\/{rel}","templated":true}]}}