{"id":600,"date":"2025-05-30T14:45:38","date_gmt":"2025-05-30T12:45:38","guid":{"rendered":"https:\/\/www.galerieostrava.cz\/?post_type=product&#038;p=600"},"modified":"2025-05-30T14:48:17","modified_gmt":"2025-05-30T12:48:17","slug":"frantisek-blazicek","status":"publish","type":"product","link":"https:\/\/www.galerieostrava.cz\/?product=frantisek-blazicek","title":{"rendered":"Franti\u0161ek Bla\u017e\u00ed\u010dek"},"content":{"rendered":"","protected":false},"excerpt":{"rendered":"<p>olej, sololit, 70\/60 cm, U n\u00e1s na m\u011bs\u00edci<\/p>\n","protected":false},"featured_media":601,"template":"","meta":[],"product_cat":[23],"product_tag":[],"_links":{"self":[{"href":"https:\/\/www.galerieostrava.cz\/index.php?rest_route=\/wp\/v2\/product\/600"}],"collection":[{"href":"https:\/\/www.galerieostrava.cz\/index.php?rest_route=\/wp\/v2\/product"}],"about":[{"href":"https:\/\/www.galerieostrava.cz\/index.php?rest_route=\/wp\/v2\/types\/product"}],"wp:featuredmedia":[{"embeddable":true,"href":"https:\/\/www.galerieostrava.cz\/index.php?rest_route=\/wp\/v2\/media\/601"}],"wp:attachment":[{"href":"https:\/\/www.galerieostrava.cz\/index.php?rest_route=%2Fwp%2Fv2%2Fmedia&parent=600"}],"wp:term":[{"taxonomy":"product_cat","embeddable":true,"href":"https:\/\/www.galerieostrava.cz\/index.php?rest_route=%2Fwp%2Fv2%2Fproduct_cat&post=600"},{"taxonomy":"product_tag","embeddable":true,"href":"https:\/\/www.galerieostrava.cz\/index.php?rest_route=%2Fwp%2Fv2%2Fproduct_tag&post=600"}],"curies":[{"name":"wp","href":"https:\/\/api.w.org\/{rel}","templated":true}]}}