{"id":567,"date":"2025-05-30T14:16:46","date_gmt":"2025-05-30T12:16:46","guid":{"rendered":"https:\/\/www.galerieostrava.cz\/?post_type=product&#038;p=567"},"modified":"2025-05-30T14:19:13","modified_gmt":"2025-05-30T12:19:13","slug":"milana-sindlerova","status":"publish","type":"product","link":"https:\/\/www.galerieostrava.cz\/?product=milana-sindlerova","title":{"rendered":"Milada \u0160indlerov\u00e1"},"content":{"rendered":"","protected":false},"excerpt":{"rendered":"<p>olej, pl\u00e1tno, 78\/66 cm <\/p>\n","protected":false},"featured_media":568,"template":"","meta":[],"product_cat":[23],"product_tag":[],"_links":{"self":[{"href":"https:\/\/www.galerieostrava.cz\/index.php?rest_route=\/wp\/v2\/product\/567"}],"collection":[{"href":"https:\/\/www.galerieostrava.cz\/index.php?rest_route=\/wp\/v2\/product"}],"about":[{"href":"https:\/\/www.galerieostrava.cz\/index.php?rest_route=\/wp\/v2\/types\/product"}],"wp:featuredmedia":[{"embeddable":true,"href":"https:\/\/www.galerieostrava.cz\/index.php?rest_route=\/wp\/v2\/media\/568"}],"wp:attachment":[{"href":"https:\/\/www.galerieostrava.cz\/index.php?rest_route=%2Fwp%2Fv2%2Fmedia&parent=567"}],"wp:term":[{"taxonomy":"product_cat","embeddable":true,"href":"https:\/\/www.galerieostrava.cz\/index.php?rest_route=%2Fwp%2Fv2%2Fproduct_cat&post=567"},{"taxonomy":"product_tag","embeddable":true,"href":"https:\/\/www.galerieostrava.cz\/index.php?rest_route=%2Fwp%2Fv2%2Fproduct_tag&post=567"}],"curies":[{"name":"wp","href":"https:\/\/api.w.org\/{rel}","templated":true}]}}