{"id":535,"date":"2025-05-30T13:42:09","date_gmt":"2025-05-30T11:42:09","guid":{"rendered":"https:\/\/www.galerieostrava.cz\/?post_type=product&#038;p=535"},"modified":"2025-05-30T13:49:07","modified_gmt":"2025-05-30T11:49:07","slug":"jiri-holan-3","status":"publish","type":"product","link":"https:\/\/www.galerieostrava.cz\/?product=jiri-holan-3","title":{"rendered":"Ji\u0159\u00ed Holan"},"content":{"rendered":"","protected":false},"excerpt":{"rendered":"<p>olej, pl\u00e1tno, kol\u00e1\u017e, 123\/104 cm<\/p>\n","protected":false},"featured_media":538,"template":"","meta":[],"product_cat":[23],"product_tag":[],"_links":{"self":[{"href":"https:\/\/www.galerieostrava.cz\/index.php?rest_route=\/wp\/v2\/product\/535"}],"collection":[{"href":"https:\/\/www.galerieostrava.cz\/index.php?rest_route=\/wp\/v2\/product"}],"about":[{"href":"https:\/\/www.galerieostrava.cz\/index.php?rest_route=\/wp\/v2\/types\/product"}],"wp:featuredmedia":[{"embeddable":true,"href":"https:\/\/www.galerieostrava.cz\/index.php?rest_route=\/wp\/v2\/media\/538"}],"wp:attachment":[{"href":"https:\/\/www.galerieostrava.cz\/index.php?rest_route=%2Fwp%2Fv2%2Fmedia&parent=535"}],"wp:term":[{"taxonomy":"product_cat","embeddable":true,"href":"https:\/\/www.galerieostrava.cz\/index.php?rest_route=%2Fwp%2Fv2%2Fproduct_cat&post=535"},{"taxonomy":"product_tag","embeddable":true,"href":"https:\/\/www.galerieostrava.cz\/index.php?rest_route=%2Fwp%2Fv2%2Fproduct_tag&post=535"}],"curies":[{"name":"wp","href":"https:\/\/api.w.org\/{rel}","templated":true}]}}