{"id":514,"date":"2025-05-29T17:15:06","date_gmt":"2025-05-29T15:15:06","guid":{"rendered":"https:\/\/www.galerieostrava.cz\/?post_type=product&#038;p=514"},"modified":"2025-05-29T17:19:36","modified_gmt":"2025-05-29T15:19:36","slug":"signovano-autor-neurcen","status":"publish","type":"product","link":"https:\/\/www.galerieostrava.cz\/?product=signovano-autor-neurcen","title":{"rendered":"Signov\u00e1no , autor neur\u010den"},"content":{"rendered":"","protected":false},"excerpt":{"rendered":"<p>p\u00e1rov\u00e9 obrazy, olej pl\u00e1tno, 97\/74 cm ka\u017ed\u00fd <\/p>\n","protected":false},"featured_media":517,"template":"","meta":[],"product_cat":[23],"product_tag":[],"_links":{"self":[{"href":"https:\/\/www.galerieostrava.cz\/index.php?rest_route=\/wp\/v2\/product\/514"}],"collection":[{"href":"https:\/\/www.galerieostrava.cz\/index.php?rest_route=\/wp\/v2\/product"}],"about":[{"href":"https:\/\/www.galerieostrava.cz\/index.php?rest_route=\/wp\/v2\/types\/product"}],"wp:featuredmedia":[{"embeddable":true,"href":"https:\/\/www.galerieostrava.cz\/index.php?rest_route=\/wp\/v2\/media\/517"}],"wp:attachment":[{"href":"https:\/\/www.galerieostrava.cz\/index.php?rest_route=%2Fwp%2Fv2%2Fmedia&parent=514"}],"wp:term":[{"taxonomy":"product_cat","embeddable":true,"href":"https:\/\/www.galerieostrava.cz\/index.php?rest_route=%2Fwp%2Fv2%2Fproduct_cat&post=514"},{"taxonomy":"product_tag","embeddable":true,"href":"https:\/\/www.galerieostrava.cz\/index.php?rest_route=%2Fwp%2Fv2%2Fproduct_tag&post=514"}],"curies":[{"name":"wp","href":"https:\/\/api.w.org\/{rel}","templated":true}]}}