{"id":490,"date":"2025-05-29T16:58:53","date_gmt":"2025-05-29T14:58:53","guid":{"rendered":"https:\/\/www.galerieostrava.cz\/?post_type=product&#038;p=490"},"modified":"2025-05-29T17:00:57","modified_gmt":"2025-05-29T15:00:57","slug":"pravoslav-kotik","status":"publish","type":"product","link":"https:\/\/www.galerieostrava.cz\/?product=pravoslav-kotik","title":{"rendered":"Pravoslav Kot\u00edk"},"content":{"rendered":"","protected":false},"excerpt":{"rendered":"<p>kva\u0161 pap\u00edr, 47\/45 cm <\/p>\n","protected":false},"featured_media":491,"template":"","meta":[],"product_cat":[23],"product_tag":[],"_links":{"self":[{"href":"https:\/\/www.galerieostrava.cz\/index.php?rest_route=\/wp\/v2\/product\/490"}],"collection":[{"href":"https:\/\/www.galerieostrava.cz\/index.php?rest_route=\/wp\/v2\/product"}],"about":[{"href":"https:\/\/www.galerieostrava.cz\/index.php?rest_route=\/wp\/v2\/types\/product"}],"wp:featuredmedia":[{"embeddable":true,"href":"https:\/\/www.galerieostrava.cz\/index.php?rest_route=\/wp\/v2\/media\/491"}],"wp:attachment":[{"href":"https:\/\/www.galerieostrava.cz\/index.php?rest_route=%2Fwp%2Fv2%2Fmedia&parent=490"}],"wp:term":[{"taxonomy":"product_cat","embeddable":true,"href":"https:\/\/www.galerieostrava.cz\/index.php?rest_route=%2Fwp%2Fv2%2Fproduct_cat&post=490"},{"taxonomy":"product_tag","embeddable":true,"href":"https:\/\/www.galerieostrava.cz\/index.php?rest_route=%2Fwp%2Fv2%2Fproduct_tag&post=490"}],"curies":[{"name":"wp","href":"https:\/\/api.w.org\/{rel}","templated":true}]}}