{"id":474,"date":"2025-05-29T16:45:04","date_gmt":"2025-05-29T14:45:04","guid":{"rendered":"https:\/\/www.galerieostrava.cz\/?post_type=product&#038;p=474"},"modified":"2025-05-29T16:48:11","modified_gmt":"2025-05-29T14:48:11","slug":"jiri-holan-2","status":"publish","type":"product","link":"https:\/\/www.galerieostrava.cz\/?product=jiri-holan-2","title":{"rendered":"Ji\u0159\u00ed Holan"},"content":{"rendered":"","protected":false},"excerpt":{"rendered":"<p>olej pl\u00e1tno, 83\/103 cm, V \u010derven\u00e9 <\/p>\n","protected":false},"featured_media":475,"template":"","meta":[],"product_cat":[23],"product_tag":[],"_links":{"self":[{"href":"https:\/\/www.galerieostrava.cz\/index.php?rest_route=\/wp\/v2\/product\/474"}],"collection":[{"href":"https:\/\/www.galerieostrava.cz\/index.php?rest_route=\/wp\/v2\/product"}],"about":[{"href":"https:\/\/www.galerieostrava.cz\/index.php?rest_route=\/wp\/v2\/types\/product"}],"wp:featuredmedia":[{"embeddable":true,"href":"https:\/\/www.galerieostrava.cz\/index.php?rest_route=\/wp\/v2\/media\/475"}],"wp:attachment":[{"href":"https:\/\/www.galerieostrava.cz\/index.php?rest_route=%2Fwp%2Fv2%2Fmedia&parent=474"}],"wp:term":[{"taxonomy":"product_cat","embeddable":true,"href":"https:\/\/www.galerieostrava.cz\/index.php?rest_route=%2Fwp%2Fv2%2Fproduct_cat&post=474"},{"taxonomy":"product_tag","embeddable":true,"href":"https:\/\/www.galerieostrava.cz\/index.php?rest_route=%2Fwp%2Fv2%2Fproduct_tag&post=474"}],"curies":[{"name":"wp","href":"https:\/\/api.w.org\/{rel}","templated":true}]}}