{"id":467,"date":"2025-05-29T16:34:37","date_gmt":"2025-05-29T14:34:37","guid":{"rendered":"https:\/\/www.galerieostrava.cz\/?post_type=product&#038;p=467"},"modified":"2025-05-29T16:42:03","modified_gmt":"2025-05-29T14:42:03","slug":"petr-kuncik","status":"publish","type":"product","link":"https:\/\/www.galerieostrava.cz\/?product=petr-kuncik","title":{"rendered":"Petr Kun\u010d\u00edk"},"content":{"rendered":"","protected":false},"excerpt":{"rendered":"<p>olej pl\u00e1tno, 110\/90 cm, Srdce<\/p>\n","protected":false},"featured_media":468,"template":"","meta":[],"product_cat":[23],"product_tag":[],"_links":{"self":[{"href":"https:\/\/www.galerieostrava.cz\/index.php?rest_route=\/wp\/v2\/product\/467"}],"collection":[{"href":"https:\/\/www.galerieostrava.cz\/index.php?rest_route=\/wp\/v2\/product"}],"about":[{"href":"https:\/\/www.galerieostrava.cz\/index.php?rest_route=\/wp\/v2\/types\/product"}],"wp:featuredmedia":[{"embeddable":true,"href":"https:\/\/www.galerieostrava.cz\/index.php?rest_route=\/wp\/v2\/media\/468"}],"wp:attachment":[{"href":"https:\/\/www.galerieostrava.cz\/index.php?rest_route=%2Fwp%2Fv2%2Fmedia&parent=467"}],"wp:term":[{"taxonomy":"product_cat","embeddable":true,"href":"https:\/\/www.galerieostrava.cz\/index.php?rest_route=%2Fwp%2Fv2%2Fproduct_cat&post=467"},{"taxonomy":"product_tag","embeddable":true,"href":"https:\/\/www.galerieostrava.cz\/index.php?rest_route=%2Fwp%2Fv2%2Fproduct_tag&post=467"}],"curies":[{"name":"wp","href":"https:\/\/api.w.org\/{rel}","templated":true}]}}