{"id":437,"date":"2025-05-29T15:37:07","date_gmt":"2025-05-29T13:37:07","guid":{"rendered":"https:\/\/www.galerieostrava.cz\/?post_type=product&#038;p=437"},"modified":"2025-05-29T15:41:20","modified_gmt":"2025-05-29T13:41:20","slug":"jan-rapin","status":"publish","type":"product","link":"https:\/\/www.galerieostrava.cz\/?product=jan-rapin","title":{"rendered":"Jan Rapin"},"content":{"rendered":"","protected":false},"excerpt":{"rendered":"<p>olej pl\u00e1tno, 62\/82 cm, D\u00e1ma v \u010dern\u00e9m <\/p>\n","protected":false},"featured_media":438,"template":"","meta":[],"product_cat":[23],"product_tag":[],"_links":{"self":[{"href":"https:\/\/www.galerieostrava.cz\/index.php?rest_route=\/wp\/v2\/product\/437"}],"collection":[{"href":"https:\/\/www.galerieostrava.cz\/index.php?rest_route=\/wp\/v2\/product"}],"about":[{"href":"https:\/\/www.galerieostrava.cz\/index.php?rest_route=\/wp\/v2\/types\/product"}],"wp:featuredmedia":[{"embeddable":true,"href":"https:\/\/www.galerieostrava.cz\/index.php?rest_route=\/wp\/v2\/media\/438"}],"wp:attachment":[{"href":"https:\/\/www.galerieostrava.cz\/index.php?rest_route=%2Fwp%2Fv2%2Fmedia&parent=437"}],"wp:term":[{"taxonomy":"product_cat","embeddable":true,"href":"https:\/\/www.galerieostrava.cz\/index.php?rest_route=%2Fwp%2Fv2%2Fproduct_cat&post=437"},{"taxonomy":"product_tag","embeddable":true,"href":"https:\/\/www.galerieostrava.cz\/index.php?rest_route=%2Fwp%2Fv2%2Fproduct_tag&post=437"}],"curies":[{"name":"wp","href":"https:\/\/api.w.org\/{rel}","templated":true}]}}