{"id":433,"date":"2025-05-29T15:33:12","date_gmt":"2025-05-29T13:33:12","guid":{"rendered":"https:\/\/www.galerieostrava.cz\/?post_type=product&#038;p=433"},"modified":"2025-05-29T15:36:17","modified_gmt":"2025-05-29T13:36:17","slug":"jiri-holan","status":"publish","type":"product","link":"https:\/\/www.galerieostrava.cz\/?product=jiri-holan","title":{"rendered":"Ji\u0159\u00ed Holan"},"content":{"rendered":"","protected":false},"excerpt":{"rendered":"<p>olej pl\u00e1tno, 86\/66 cm, St\u0159edobod<\/p>\n","protected":false},"featured_media":435,"template":"","meta":[],"product_cat":[23],"product_tag":[],"_links":{"self":[{"href":"https:\/\/www.galerieostrava.cz\/index.php?rest_route=\/wp\/v2\/product\/433"}],"collection":[{"href":"https:\/\/www.galerieostrava.cz\/index.php?rest_route=\/wp\/v2\/product"}],"about":[{"href":"https:\/\/www.galerieostrava.cz\/index.php?rest_route=\/wp\/v2\/types\/product"}],"wp:featuredmedia":[{"embeddable":true,"href":"https:\/\/www.galerieostrava.cz\/index.php?rest_route=\/wp\/v2\/media\/435"}],"wp:attachment":[{"href":"https:\/\/www.galerieostrava.cz\/index.php?rest_route=%2Fwp%2Fv2%2Fmedia&parent=433"}],"wp:term":[{"taxonomy":"product_cat","embeddable":true,"href":"https:\/\/www.galerieostrava.cz\/index.php?rest_route=%2Fwp%2Fv2%2Fproduct_cat&post=433"},{"taxonomy":"product_tag","embeddable":true,"href":"https:\/\/www.galerieostrava.cz\/index.php?rest_route=%2Fwp%2Fv2%2Fproduct_tag&post=433"}],"curies":[{"name":"wp","href":"https:\/\/api.w.org\/{rel}","templated":true}]}}