{"id":425,"date":"2025-05-29T14:58:21","date_gmt":"2025-05-29T12:58:21","guid":{"rendered":"https:\/\/www.galerieostrava.cz\/?post_type=product&#038;p=425"},"modified":"2025-05-29T15:23:10","modified_gmt":"2025-05-29T13:23:10","slug":"pierot","status":"publish","type":"product","link":"https:\/\/www.galerieostrava.cz\/?product=pierot","title":{"rendered":"Miloslava Vrbov\u00e1 &#8211; \u0160tefkov\u00e1"},"content":{"rendered":"","protected":false},"excerpt":{"rendered":"<p>olej, 68\/78 cm, Pierot<\/p>\n","protected":false},"featured_media":427,"template":"","meta":[],"product_cat":[23],"product_tag":[],"_links":{"self":[{"href":"https:\/\/www.galerieostrava.cz\/index.php?rest_route=\/wp\/v2\/product\/425"}],"collection":[{"href":"https:\/\/www.galerieostrava.cz\/index.php?rest_route=\/wp\/v2\/product"}],"about":[{"href":"https:\/\/www.galerieostrava.cz\/index.php?rest_route=\/wp\/v2\/types\/product"}],"wp:featuredmedia":[{"embeddable":true,"href":"https:\/\/www.galerieostrava.cz\/index.php?rest_route=\/wp\/v2\/media\/427"}],"wp:attachment":[{"href":"https:\/\/www.galerieostrava.cz\/index.php?rest_route=%2Fwp%2Fv2%2Fmedia&parent=425"}],"wp:term":[{"taxonomy":"product_cat","embeddable":true,"href":"https:\/\/www.galerieostrava.cz\/index.php?rest_route=%2Fwp%2Fv2%2Fproduct_cat&post=425"},{"taxonomy":"product_tag","embeddable":true,"href":"https:\/\/www.galerieostrava.cz\/index.php?rest_route=%2Fwp%2Fv2%2Fproduct_tag&post=425"}],"curies":[{"name":"wp","href":"https:\/\/api.w.org\/{rel}","templated":true}]}}