{"id":387,"date":"2024-02-28T12:45:09","date_gmt":"2024-02-28T11:45:09","guid":{"rendered":"http:\/\/localhost:8000\/?post_type=product&#038;p=387"},"modified":"2024-07-01T14:51:40","modified_gmt":"2024-07-01T12:51:40","slug":"robert-cook","status":"publish","type":"product","link":"https:\/\/www.galerieostrava.cz\/?product=robert-cook","title":{"rendered":"Robert Cook"},"content":{"rendered":"<p>d\u0159ev\u011bn\u00fd reli\u00e9f , d\u0159evo,\u00a0malba 61\/61 cm<\/p>\n","protected":false},"excerpt":{"rendered":"<p>d\u0159ev\u011bn\u00fd reli\u00e9f , d\u0159evo,\u00a0malba 61\/61 cm<\/p>\n","protected":false},"featured_media":326,"template":"","meta":[],"product_cat":[23],"product_tag":[],"_links":{"self":[{"href":"https:\/\/www.galerieostrava.cz\/index.php?rest_route=\/wp\/v2\/product\/387"}],"collection":[{"href":"https:\/\/www.galerieostrava.cz\/index.php?rest_route=\/wp\/v2\/product"}],"about":[{"href":"https:\/\/www.galerieostrava.cz\/index.php?rest_route=\/wp\/v2\/types\/product"}],"wp:featuredmedia":[{"embeddable":true,"href":"https:\/\/www.galerieostrava.cz\/index.php?rest_route=\/wp\/v2\/media\/326"}],"wp:attachment":[{"href":"https:\/\/www.galerieostrava.cz\/index.php?rest_route=%2Fwp%2Fv2%2Fmedia&parent=387"}],"wp:term":[{"taxonomy":"product_cat","embeddable":true,"href":"https:\/\/www.galerieostrava.cz\/index.php?rest_route=%2Fwp%2Fv2%2Fproduct_cat&post=387"},{"taxonomy":"product_tag","embeddable":true,"href":"https:\/\/www.galerieostrava.cz\/index.php?rest_route=%2Fwp%2Fv2%2Fproduct_tag&post=387"}],"curies":[{"name":"wp","href":"https:\/\/api.w.org\/{rel}","templated":true}]}}