{"id":381,"date":"2024-02-28T12:16:44","date_gmt":"2024-02-28T11:16:44","guid":{"rendered":"http:\/\/localhost:8000\/?post_type=product&#038;p=381"},"modified":"2024-07-02T12:48:57","modified_gmt":"2024-07-02T10:48:57","slug":"ladislav-steininger","status":"publish","type":"product","link":"https:\/\/www.galerieostrava.cz\/?product=ladislav-steininger","title":{"rendered":"Ladislav Steininger"},"content":{"rendered":"","protected":false},"excerpt":{"rendered":"<p>d\u0159ev\u011bn\u00fd reli\u00e9f , d\u0159evo,\u00a0malba 61\/61 cm<br \/><strong>cena 35 000,- k\u010d<\/strong><\/p>\n","protected":false},"featured_media":136,"template":"","meta":[],"product_cat":[23],"product_tag":[],"_links":{"self":[{"href":"https:\/\/www.galerieostrava.cz\/index.php?rest_route=\/wp\/v2\/product\/381"}],"collection":[{"href":"https:\/\/www.galerieostrava.cz\/index.php?rest_route=\/wp\/v2\/product"}],"about":[{"href":"https:\/\/www.galerieostrava.cz\/index.php?rest_route=\/wp\/v2\/types\/product"}],"wp:featuredmedia":[{"embeddable":true,"href":"https:\/\/www.galerieostrava.cz\/index.php?rest_route=\/wp\/v2\/media\/136"}],"wp:attachment":[{"href":"https:\/\/www.galerieostrava.cz\/index.php?rest_route=%2Fwp%2Fv2%2Fmedia&parent=381"}],"wp:term":[{"taxonomy":"product_cat","embeddable":true,"href":"https:\/\/www.galerieostrava.cz\/index.php?rest_route=%2Fwp%2Fv2%2Fproduct_cat&post=381"},{"taxonomy":"product_tag","embeddable":true,"href":"https:\/\/www.galerieostrava.cz\/index.php?rest_route=%2Fwp%2Fv2%2Fproduct_tag&post=381"}],"curies":[{"name":"wp","href":"https:\/\/api.w.org\/{rel}","templated":true}]}}